{"id":194,"date":"2022-01-05T09:55:37","date_gmt":"2022-01-05T09:55:37","guid":{"rendered":"http:\/\/test.parkside-office.berlin\/impressum\/"},"modified":"2022-07-01T13:16:58","modified_gmt":"2022-07-01T13:16:58","slug":"imprint","status":"publish","type":"page","link":"https:\/\/parkside-office.berlin\/en\/imprint\/","title":{"rendered":"Imprint"},"content":{"rendered":"\n<p>Imprint<\/p>\n                        <p class=\"text-uppercase\"> EDITOR <br>\n                            PEREF II Nitro S.\u00e0 r. l. 15 Boulevard F.W. Raiffeisen<br>\n                            L-2411 Luxembourg Grand Duchy of Luxembourg\n<\/p>\n                        <p>Registered office of the company: Luxembourg <\/p>\n                        <p>Filed under the Registre de Commerce et des Soci\u00e9t\u00e9s Luxemburg under number B 235217 <\/p>\n                        <p>Managing Directors: Enrico Baldan, Johan Montfort, PGIM Real Estate CD S.\u00e0 r.l. (Managing Director: R\u00fcdiger Schwarz)\n                            <span class=\"d-block\">USt-ID: LU31952818 <\/span><\/p>\n                        <p class=\"text-uppercase mb-2\">LIABILITY &amp; WARRANTY <\/p>\n                        <p>The information on this website is provided for general information and is non-binding. All information, details and representations on this website have been compiled with care; however, no guarantee can be given for their completeness, correctness and topicality. We expressly reserve the right to make changes (without prior notice or notice). The 3-D visualizations are free artistic representations that do not necessarily reflect future reality and contain special equipment. The agreements in the rental agreement are solely decisive for the scope of services and execution.<\/p>\n                        <p class=\"text-uppercase mb-2\">IMAGE SOURCES<\/p>\n                            <p>Thanks to Brooke Cagle, Bruna Branco, Clemens van Lay, Jakub Kapusnak, Kari Shea, Pablo Merchan Montes, Thomas Le, Nick Cooper, Justin Chrn, Pinar Kucuk, Gabriel Alenius for sharing their work on Unsplash.\n                            <\/p><p>CONCEPTION, DESIGN AND REALIZATION <br>\n                                Is BC GmbH <br>\n                                Egenolffstra\u00dfe 21, 60316 Frankfurt am Main <br>\n                                <a target=\"_blank\" href=\"mailto:www.gabc.partners\" rel=\"noopener noreferrer\"><\/a>www.gabc.partners\n                            <\/p>\n","protected":false},"excerpt":{"rendered":"<p>Imprint EDITOR PEREF II Nitro S.\u00e0 r. l. 15 Boulevard F.W. Raiffeisen L-2411 Luxembourg Grand Duchy of Luxembourg Registered office of the company: Luxembourg Filed under the Registre de Commerce et des Soci\u00e9t\u00e9s Luxemburg under number B 235217 Managing Directors: Enrico Baldan, Johan Montfort, PGIM Real Estate CD S.\u00e0 r.l. (Managing Director: R\u00fcdiger Schwarz) USt-ID: [&hellip;]<\/p>\n","protected":false},"author":1,"featured_media":0,"parent":0,"menu_order":0,"comment_status":"closed","ping_status":"closed","template":"templates\/common.php","meta":{"_acf_changed":false,"inline_featured_image":false,"footnotes":""},"acf":[],"_links":{"self":[{"href":"https:\/\/parkside-office.berlin\/en\/wp-json\/wp\/v2\/pages\/194"}],"collection":[{"href":"https:\/\/parkside-office.berlin\/en\/wp-json\/wp\/v2\/pages"}],"about":[{"href":"https:\/\/parkside-office.berlin\/en\/wp-json\/wp\/v2\/types\/page"}],"author":[{"embeddable":true,"href":"https:\/\/parkside-office.berlin\/en\/wp-json\/wp\/v2\/users\/1"}],"replies":[{"embeddable":true,"href":"https:\/\/parkside-office.berlin\/en\/wp-json\/wp\/v2\/comments?post=194"}],"version-history":[{"count":3,"href":"https:\/\/parkside-office.berlin\/en\/wp-json\/wp\/v2\/pages\/194\/revisions"}],"predecessor-version":[{"id":839,"href":"https:\/\/parkside-office.berlin\/en\/wp-json\/wp\/v2\/pages\/194\/revisions\/839"}],"wp:attachment":[{"href":"https:\/\/parkside-office.berlin\/en\/wp-json\/wp\/v2\/media?parent=194"}],"curies":[{"name":"wp","href":"https:\/\/api.w.org\/{rel}","templated":true}]}}